{"id":37,"date":"2023-07-10T16:18:39","date_gmt":"2023-07-10T18:18:39","guid":{"rendered":"https:\/\/pitsipirtti.fi\/?page_id=37"},"modified":"2023-08-20T12:29:01","modified_gmt":"2023-08-20T14:29:01","slug":"yhteystiedot","status":"publish","type":"page","link":"https:\/\/pitsipirtti.fi\/index.php\/yhteystiedot\/","title":{"rendered":"Yhteystiedot"},"content":{"rendered":"\n<p>Pitsi-Pirtti ei ole en\u00e4\u00e4 vierailukohde. Voit tutustua etusivun kautta virtuaaliseen Pitsi-Pirttiin. Kaikki Kortelahden pitsit ovat <a rel=\"noreferrer noopener\" href=\"https:\/\/www.craftmuseum.fi\/\" target=\"_blank\">Suomen k\u00e4sity\u00f6n museo<\/a>n s\u00e4ilytyksess\u00e4.<\/p>\n\n\n\n<p>Pitsikirjoja ja isojen mallien pistelymalleja voi tiedustella s\u00e4hk\u00f6postilla osoitteeseen elkortelahti(at)gmail.com.<\/p>\n\n\n\n<p>Loppuunmyytyjen kirjojen malleja (tulostettavana pdf-tiedostona), isoja pistelymalleja ja muutamia kirjoja voi ostaa Etsyn kautta. Sivusto on englanninkielinen ja t\u00e4ydentyy pikku hiljaa. Voit esitt\u00e4\u00e4 omia toiveita tulostettavista pdf pistelymalleista osoitteeseen k.johanna.saila(at)gmail.com.<\/p>\n\n\n\n<h2 class=\"wp-block-heading\">Contact<\/h2>\n\n\n\n<p><em>Lace Cabin is no longer a place to visit. You can get to know virtual Lace Cabin via the front page. All laces are kept by the Craft Museum of Finland.<\/em><\/p>\n\n\n\n<p><em>Out of print book patterns (as a printable pdf file), lace panel prickings, and a few books can be purchased through <a rel=\"noreferrer noopener\" href=\"https:\/\/www.etsy.com\/shop\/Kortelahti\" target=\"_blank\">Etsy<\/a>. The website is being subblemented little by little. You can submit your own wishes for printable pdf templates to the address k.johanna.saila(at)gmail.com.<\/em><br><\/p>\n\n\n\n<p class=\"has-text-align-center\">Sivuston sis\u00e4lt\u00f6jen tuottamisen on mahdollistanut <br>Alfred Kordelinin s\u00e4\u00e4ti\u00f6n ja Huittisten S\u00e4\u00e4st\u00f6pankkis\u00e4\u00e4ti\u00f6n my\u00f6nt\u00e4m\u00e4t apurahat (2023).<\/p>\n","protected":false},"excerpt":{"rendered":"<p>Pitsi-Pirtti ei ole en\u00e4\u00e4 vierailukohde. Voit tutustua etusivun kautta virtuaaliseen Pitsi-Pirttiin. Kaikki Kortelahden pitsit ovat Suomen k\u00e4sity\u00f6n museon s\u00e4ilytyksess\u00e4. Pitsikirjoja ja isojen mallien pistelymalleja voi tiedustella s\u00e4hk\u00f6postilla osoitteeseen elkortelahti(at)gmail.com. Loppuunmyytyjen kirjojen malleja (tulostettavana pdf-tiedostona), isoja pistelymalleja ja muutamia kirjoja voi &hellip; <a href=\"https:\/\/pitsipirtti.fi\/index.php\/yhteystiedot\/\">Continue reading <span class=\"meta-nav\">&rarr;<\/span><\/a><\/p>\n","protected":false},"author":1,"featured_media":0,"parent":0,"menu_order":4,"comment_status":"closed","ping_status":"closed","template":"onecolumn-page.php","meta":{"footnotes":""},"class_list":["post-37","page","type-page","status-publish","hentry"],"_links":{"self":[{"href":"https:\/\/pitsipirtti.fi\/index.php\/wp-json\/wp\/v2\/pages\/37","targetHints":{"allow":["GET"]}}],"collection":[{"href":"https:\/\/pitsipirtti.fi\/index.php\/wp-json\/wp\/v2\/pages"}],"about":[{"href":"https:\/\/pitsipirtti.fi\/index.php\/wp-json\/wp\/v2\/types\/page"}],"author":[{"embeddable":true,"href":"https:\/\/pitsipirtti.fi\/index.php\/wp-json\/wp\/v2\/users\/1"}],"replies":[{"embeddable":true,"href":"https:\/\/pitsipirtti.fi\/index.php\/wp-json\/wp\/v2\/comments?post=37"}],"version-history":[{"count":20,"href":"https:\/\/pitsipirtti.fi\/index.php\/wp-json\/wp\/v2\/pages\/37\/revisions"}],"predecessor-version":[{"id":330,"href":"https:\/\/pitsipirtti.fi\/index.php\/wp-json\/wp\/v2\/pages\/37\/revisions\/330"}],"wp:attachment":[{"href":"https:\/\/pitsipirtti.fi\/index.php\/wp-json\/wp\/v2\/media?parent=37"}],"curies":[{"name":"wp","href":"https:\/\/api.w.org\/{rel}","templated":true}]}}